{"id":6,"date":"2012-12-15T01:07:48","date_gmt":"2012-12-15T01:07:48","guid":{"rendered":"http:\/\/www.mammalinda.org\/?page_id=6"},"modified":"2020-06-30T20:48:19","modified_gmt":"2020-06-30T19:48:19","slug":"hvem-er-jeg","status":"publish","type":"page","link":"http:\/\/www.mammalinda.org\/?page_id=6","title":{"rendered":"Om meg"},"content":{"rendered":"\n[et_pb_section][et_pb_row][et_pb_column type=&raquo;4_4&#8243;][et_pb_text]<a href=\"https:\/\/i1.wp.com\/www.mammalinda.org\/wp-content\/uploads\/2014\/12\/IMG_3628.jpg\"><img loading=\"lazy\" class=\" wp-image-5924 alignright\" src=\"https:\/\/i1.wp.com\/www.mammalinda.org\/wp-content\/uploads\/2014\/12\/IMG_3628.jpg?resize=459%2C344\" alt=\"IMG_3628.JPG\" width=\"459\" height=\"344\" srcset=\"https:\/\/i1.wp.com\/www.mammalinda.org\/wp-content\/uploads\/2014\/12\/IMG_3628.jpg?resize=1024%2C768 1024w, https:\/\/i1.wp.com\/www.mammalinda.org\/wp-content\/uploads\/2014\/12\/IMG_3628.jpg?resize=300%2C225 300w, https:\/\/i1.wp.com\/www.mammalinda.org\/wp-content\/uploads\/2014\/12\/IMG_3628.jpg?w=1280 1280w\" sizes=\"(max-width: 459px) 100vw, 459px\" data-recalc-dims=\"1\" \/><\/a>\n\nHei, mitt navn er Linda Abildsten Gisn\u00e5s, f\u00f8dt i 1990, og kommer fra Oppdal i Tr\u00f8ndelag.\n\nDette er en blogg om min vei til \u00e5 leve det livet jeg alltid har dr\u00f8mt om; skitten og lykkelig i det fattigste av Afrika, hvor jeg f\u00e5r v\u00e6re mamma for de barna som ikke har en mamma, og elske de menneskene ingen andre vil elske. Jeg har siden jeg var 5 \u00e5r gammel dr\u00f8mt om \u00e5 bo i Afrika og starte et barnehjem. Mer om dr\u00f8mmen min og veien dit kan du lese\u00a0<a href=\"http:\/\/www.mammalinda.org\/?p=119\" target=\"_blank\" rel=\"noopener noreferrer\">her.<\/a>\n\nJeg har v\u00e6rt gift med Stig Ove siden 2008 og er stolt firebarnsmamma til\u00a0Esther, f\u00f8dt i 2012, Leo i 2013, og Sarah 2017. I tillegg har vi adoptert Ndoro f\u00f8dt i 2001.\n\nLes om v\u00e5rt f\u00f8rste bes\u00f8k til Mosambik i 2011 p\u00e5 min og min manns hjemmeside<a href=\"http:\/\/www.stigandlinda.com\/?cat=4\" target=\"_blank\" rel=\"noopener noreferrer\">\u00a0<\/a><i><a href=\"http:\/\/www.stigandlinda.com\/?cat=4\" target=\"_blank\" rel=\"noopener noreferrer\">her.<\/a>\u00a0\u00a0<\/i>Vi flyttet ned til Maputo, Mosambik\u00a0for \u00e5 jobbe hos\u00a0<a href=\"http:\/\/www.irismin.org\" target=\"_blank\" rel=\"noopener noreferrer\">Iris Ministries,<\/a>\u00a0i\u00a0slutten av mai 2014 og var der i 9 m\u00e5neder f\u00f8r vi dro hjem til Norge i 3 m\u00e5neder. Du kan lese mer om v\u00e5rt opphold i Maputo i <a href=\"http:\/\/www.mammalinda.org\/?cat=98\" target=\"_blank\" rel=\"noopener noreferrer\">arkivet<\/a>. I begynnelsen av juni 2015 reiste vi ned igjen til Mosambik, men denne gangen til en liten landsby 100 mil lengre nord, kalt Vila de Dondo. Der var vi i seks m\u00e5neder, f\u00f8r vi kom hjem til Norge igjen for en liten periode.\n\nI august 2016 flyttet vi til Kilifi p\u00e5 kysten av Kenya, hvor vi har bosatt oss p\u00e5 livstid.[\/et_pb_text][\/et_pb_column][\/et_pb_row][\/et_pb_section]\n<div class=\"sharedaddy sd-sharing-enabled\"><div class=\"robots-nocontent sd-block sd-social sd-social-icon-text sd-sharing\"><h3 class=\"sd-title\">Del dette innlegget:<\/h3><div class=\"sd-content\"><ul><li class=\"share-twitter\"><a rel=\"nofollow noopener noreferrer\" data-shared=\"sharing-twitter-6\" class=\"share-twitter sd-button share-icon\" href=\"http:\/\/www.mammalinda.org\/?page_id=6&amp;share=twitter\" target=\"_blank\" title=\"Klikk for \u00e5 dele p\u00e5 Twitter\"><span>Twitter<\/span><\/a><\/li><li class=\"share-jetpack-whatsapp\"><a rel=\"nofollow noopener noreferrer\" data-shared=\"\" class=\"share-jetpack-whatsapp sd-button share-icon\" href=\"http:\/\/www.mammalinda.org\/?page_id=6&amp;share=jetpack-whatsapp\" target=\"_blank\" title=\"Klikk for \u00e5 dele p\u00e5 WhatsApp\"><span>WhatsApp<\/span><\/a><\/li><li class=\"share-facebook\"><a rel=\"nofollow noopener noreferrer\" data-shared=\"sharing-facebook-6\" class=\"share-facebook sd-button share-icon\" href=\"http:\/\/www.mammalinda.org\/?page_id=6&amp;share=facebook\" target=\"_blank\" title=\"Klikk for \u00e5 dele p\u00e5 Facebook\"><span>Facebook<\/span><\/a><\/li><li class=\"share-end\"><\/li><\/ul><\/div><\/div><\/div>","protected":false},"excerpt":{"rendered":"<div class=\"sharedaddy sd-sharing-enabled\"><div class=\"robots-nocontent sd-block sd-social sd-social-icon-text sd-sharing\"><h3 class=\"sd-title\">Del dette innlegget:<\/h3><div class=\"sd-content\"><ul><li class=\"share-twitter\"><a rel=\"nofollow noopener noreferrer\" data-shared=\"sharing-twitter-6\" class=\"share-twitter sd-button share-icon\" href=\"http:\/\/www.mammalinda.org\/?page_id=6&amp;share=twitter\" target=\"_blank\" title=\"Klikk for \u00e5 dele p\u00e5 Twitter\"><span>Twitter<\/span><\/a><\/li><li class=\"share-jetpack-whatsapp\"><a rel=\"nofollow noopener noreferrer\" data-shared=\"\" class=\"share-jetpack-whatsapp sd-button share-icon\" href=\"http:\/\/www.mammalinda.org\/?page_id=6&amp;share=jetpack-whatsapp\" target=\"_blank\" title=\"Klikk for \u00e5 dele p\u00e5 WhatsApp\"><span>WhatsApp<\/span><\/a><\/li><li class=\"share-facebook\"><a rel=\"nofollow noopener noreferrer\" data-shared=\"sharing-facebook-6\" class=\"share-facebook sd-button share-icon\" href=\"http:\/\/www.mammalinda.org\/?page_id=6&amp;share=facebook\" target=\"_blank\" title=\"Klikk for \u00e5 dele p\u00e5 Facebook\"><span>Facebook<\/span><\/a><\/li><li class=\"share-end\"><\/li><\/ul><\/div><\/div><\/div>","protected":false},"author":1,"featured_media":0,"parent":0,"menu_order":0,"comment_status":"open","ping_status":"closed","template":"","meta":{"_et_pb_use_builder":"on","_et_pb_old_content":"<a href=\"http:\/\/www.mammalinda.org\/wp-content\/uploads\/2014\/12\/IMG_3628.jpg\"><img class=\" wp-image-5924 alignright\" src=\"http:\/\/www.mammalinda.org\/wp-content\/uploads\/2014\/12\/IMG_3628-1024x768.jpg\" alt=\"IMG_3628.JPG\" width=\"459\" height=\"344\" \/><\/a>\n\nHei, mitt navn er Linda Abildsten Gisn\u00e5s, f\u00f8dt i 1990, og kommer fra Oppdal i Tr\u00f8ndelag.\n\nDette er en blogg om min vei til \u00e5 leve det livet jeg alltid har dr\u00f8mt om; skitten og lykkelig i det fattigste av Afrika, hvor jeg f\u00e5r v\u00e6re mamma for de barna som ikke har en mamma, og elske de menneskene ingen andre vil elske. Jeg har siden jeg var 5 \u00e5r gammel dr\u00f8mt om \u00e5 bo i Afrika og starte et barnehjem. Mer om dr\u00f8mmen min og veien dit kan du lese\u00a0<a href=\"http:\/\/www.mammalinda.org\/?p=119\" target=\"_blank\" rel=\"noopener\">her.<\/a>\n\nJeg har v\u00e6rt gift med Stig Ove siden 2008 og er stolt firebarnsmamma til\u00a0Esther, f\u00f8dt i 2012, Leo i 2013, og Sarah 2017. I tillegg har vi adoptert Ndoro f\u00f8dt i 2001.\n\nLes om v\u00e5rt f\u00f8rste bes\u00f8k til Mosambik i 2011 p\u00e5 min og min manns hjemmeside<a href=\"http:\/\/www.stigandlinda.com\/?cat=4\" target=\"_blank\" rel=\"noopener\">\u00a0<\/a><i><a href=\"http:\/\/www.stigandlinda.com\/?cat=4\" target=\"_blank\" rel=\"noopener\">her.<\/a>\u00a0\u00a0<\/i>Vi flyttet ned til Maputo, Mosambik\u00a0for \u00e5 jobbe hos\u00a0<a href=\"http:\/\/www.irismin.org\" target=\"_blank\" rel=\"noopener\">Iris Ministries,<\/a>\u00a0i\u00a0slutten av mai 2014 og var der i 9 m\u00e5neder f\u00f8r vi dro hjem til Norge i 3 m\u00e5neder. Du kan lese mer om v\u00e5rt opphold i Maputo i <a href=\"http:\/\/www.mammalinda.org\/?cat=98\" target=\"_blank\" rel=\"noopener\">arkivet<\/a>. I begynnelsen av juni 2015 reiste vi ned igjen til Mosambik, men denne gangen til en liten landsby 100 mil lengre nord, kalt Vila de Dondo. Der var vi i seks m\u00e5neder, f\u00f8r vi kom hjem til Norge igjen for en liten periode.\n\nI august 2016 flyttet vi til Kilifi p\u00e5 kysten av Kenya, hvor vi har bosatt oss p\u00e5 livstid.","_et_gb_content_width":"","spay_email":""},"jetpack_shortlink":"https:\/\/wp.me\/P2YYOu-6","jetpack_sharing_enabled":true,"jetpack-related-posts":[{"id":190,"url":"http:\/\/www.mammalinda.org\/?page_id=190","url_meta":{"origin":6,"position":0},"title":"Kontakt","date":"desember 17, 2012","format":false,"excerpt":"Dersom du har lyst \u00e5 ta kontakt med meg, kan du sende meg en mail p\u00e5: lindagisnaas@gmail.com Vil du gi en gave til v\u00e5rt arbeid slik at vi kan hjelpe enda flere, kan du gj\u00f8re det p\u00e5 f\u00f8lgende m\u00e5ter; Kontonr 4266.16.29619 Vippse til 922 53 433 Gi via PayPal til\u2026","rel":"","context":"Med 6 kommentarer","img":{"alt_text":"","src":"","width":0,"height":0},"classes":[]}],"jetpack_likes_enabled":true,"_links":{"self":[{"href":"http:\/\/www.mammalinda.org\/index.php?rest_route=\/wp\/v2\/pages\/6"}],"collection":[{"href":"http:\/\/www.mammalinda.org\/index.php?rest_route=\/wp\/v2\/pages"}],"about":[{"href":"http:\/\/www.mammalinda.org\/index.php?rest_route=\/wp\/v2\/types\/page"}],"author":[{"embeddable":true,"href":"http:\/\/www.mammalinda.org\/index.php?rest_route=\/wp\/v2\/users\/1"}],"replies":[{"embeddable":true,"href":"http:\/\/www.mammalinda.org\/index.php?rest_route=%2Fwp%2Fv2%2Fcomments&post=6"}],"version-history":[{"count":11,"href":"http:\/\/www.mammalinda.org\/index.php?rest_route=\/wp\/v2\/pages\/6\/revisions"}],"predecessor-version":[{"id":11453,"href":"http:\/\/www.mammalinda.org\/index.php?rest_route=\/wp\/v2\/pages\/6\/revisions\/11453"}],"wp:attachment":[{"href":"http:\/\/www.mammalinda.org\/index.php?rest_route=%2Fwp%2Fv2%2Fmedia&parent=6"}],"curies":[{"name":"wp","href":"https:\/\/api.w.org\/{rel}","templated":true}]}}